{"id":20213,"date":"2023-03-28T13:14:22","date_gmt":"2023-03-28T17:14:22","guid":{"rendered":"https:\/\/artderever.com\/test_adr\/?post_type=product&#038;p=20213"},"modified":"2023-05-07T16:19:53","modified_gmt":"2023-05-07T20:19:53","slug":"formation-art-de-rever","status":"publish","type":"product","link":"https:\/\/artderever.com\/test_adr\/produit\/formation-art-de-rever\/","title":{"rendered":"Formation Art de r\u00eaver"},"content":{"rendered":"<section class=\"elementor-section elementor-top-section elementor-element elementor-element-3c0c5e8a elementor-section-boxed elementor-section-height-default elementor-section-height-default\" data-id=\"3c0c5e8a\" data-element_type=\"section\">\n<div class=\"elementor-container elementor-column-gap-default\">\n<div class=\"elementor-column elementor-col-100 elementor-top-column elementor-element elementor-element-3b4177ab\" data-id=\"3b4177ab\" data-element_type=\"column\">\n<div class=\"elementor-widget-wrap elementor-element-populated\">\n<div class=\"elementor-element elementor-element-653468ee elementor-widget elementor-widget-text-editor\" data-id=\"653468ee\" data-element_type=\"widget\" data-widget_type=\"text-editor.default\">\n<div class=\"elementor-widget-container\">\n<p>Cette formation a pour objectif de vous aider \u00e0 mieux comprendre vos r\u00eaves. Les analyser, les d\u00e9coder et apprendre comment les programmer pour trouver des pistes de solution. Nicole Gratton vous pr\u00e9sente cette formation sous forme de capsule vid\u00e9o. La formation est divis\u00e9e en 4 modules de 5 vid\u00e9os chacune pour un total d\u2019environ 7 heures de formation \u00e0 visionner au moment de votre choix.<\/p>\n<\/div>\n<\/div>\n<\/div>\n<\/div>\n<\/div>\n<\/section>\n<section class=\"elementor-section elementor-top-section elementor-element elementor-element-c2c23e3 elementor-section-boxed elementor-section-height-default elementor-section-height-default\" data-id=\"c2c23e3\" data-element_type=\"section\">\n<div class=\"elementor-container elementor-column-gap-default\">\n<div class=\"elementor-column elementor-col-50 elementor-top-column elementor-element elementor-element-52d3a38\" data-id=\"52d3a38\" data-element_type=\"column\">\n<div class=\"elementor-widget-wrap elementor-element-populated\">\n<div class=\"elementor-element elementor-element-8feaee0 elementor-widget elementor-widget-text-editor\" data-id=\"8feaee0\" data-element_type=\"widget\" data-widget_type=\"text-editor.default\">\n<div class=\"elementor-widget-container\">\n<ol>\n<li>D\u2019o\u00f9 vient le r\u00eave<\/li>\n<li>Comment s\u2019exprime le r\u00eave<\/li>\n<li>Comprendre les cat\u00e9gories de r\u00eave<\/li>\n<li>Pourquoi s\u2019occuper de ses r\u00eaves<\/li>\n<\/ol>\n<\/div>\n<\/div>\n<\/div>\n<\/div>\n<\/div>\n<\/section>\n<div style=\"padding: 56.25% 0 0 0; position: relative;\"><iframe style=\"position: absolute; top: 0; left: 0; width: 100%; height: 100%;\" title=\"D&amp;eacute;mo de la formation art de r&amp;ecirc;ver\" src=\"https:\/\/player.vimeo.com\/video\/91448860?h=fd0ccd9340&amp;badge=0&amp;autopause=0&amp;player_id=0&amp;app_id=58479\" frameborder=\"0\" allowfullscreen=\"allowfullscreen\"><\/iframe><\/div>\n<p><script src=\"https:\/\/player.vimeo.com\/api\/player.js\"><\/script><\/p>\n","protected":false},"excerpt":{"rendered":"<p>Nicole Gratton vous invite \u00e0 explorer vos r\u00eaves avec sa nouvelle formation en ligne Art de r\u00eaver. Apprendre \u00e0 analyser, d\u00e9coder et programmer vos r\u00eaves. Comprendre les r\u00eaves pr\u00e9monitoires, t\u00e9l\u00e9pathiques et d\u00e9couvrir le langage du r\u00eave. Cette formation virtuelle se fait \u00e0 votre rythme et au moment qui vous convient le mieux dans le confort de votre foyer.<\/p>\n","protected":false},"featured_media":20392,"template":"","meta":{"_monsterinsights_skip_tracking":false,"_monsterinsights_sitenote_active":false,"_monsterinsights_sitenote_note":"","_monsterinsights_sitenote_category":0},"product_brand":[],"product_cat":[116,107,138],"product_tag":[],"class_list":{"0":"post-20213","1":"product","2":"type-product","3":"status-publish","4":"has-post-thumbnail","6":"product_cat-apprentissage","7":"product_cat-formation-en-ligne","8":"product_cat-plaisirs","10":"first","11":"instock","12":"sale","13":"virtual","14":"taxable","15":"purchasable","16":"product-type-simple"},"_links":{"self":[{"href":"https:\/\/artderever.com\/test_adr\/wp-json\/wp\/v2\/product\/20213","targetHints":{"allow":["GET"]}}],"collection":[{"href":"https:\/\/artderever.com\/test_adr\/wp-json\/wp\/v2\/product"}],"about":[{"href":"https:\/\/artderever.com\/test_adr\/wp-json\/wp\/v2\/types\/product"}],"version-history":[{"count":0,"href":"https:\/\/artderever.com\/test_adr\/wp-json\/wp\/v2\/product\/20213\/revisions"}],"wp:featuredmedia":[{"embeddable":true,"href":"https:\/\/artderever.com\/test_adr\/wp-json\/wp\/v2\/media\/20392"}],"wp:attachment":[{"href":"https:\/\/artderever.com\/test_adr\/wp-json\/wp\/v2\/media?parent=20213"}],"wp:term":[{"taxonomy":"product_brand","embeddable":true,"href":"https:\/\/artderever.com\/test_adr\/wp-json\/wp\/v2\/product_brand?post=20213"},{"taxonomy":"product_cat","embeddable":true,"href":"https:\/\/artderever.com\/test_adr\/wp-json\/wp\/v2\/product_cat?post=20213"},{"taxonomy":"product_tag","embeddable":true,"href":"https:\/\/artderever.com\/test_adr\/wp-json\/wp\/v2\/product_tag?post=20213"}],"curies":[{"name":"wp","href":"https:\/\/api.w.org\/{rel}","templated":true}]}}