{"id":15230,"date":"2022-06-27T03:12:48","date_gmt":"2022-06-27T07:12:48","guid":{"rendered":"https:\/\/eduma.thimpress.com\/?post_type=product&#038;p=15230"},"modified":"2025-01-25T17:52:42","modified_gmt":"2025-01-25T22:52:42","slug":"journal-de-reves","status":"publish","type":"product","link":"https:\/\/artderever.com\/test_adr\/produit\/journal-de-reves\/","title":{"rendered":"Journal de r\u00eaves"},"content":{"rendered":"\t\t<div data-elementor-type=\"wp-post\" data-elementor-id=\"15230\" class=\"elementor elementor-15230\">\n\t\t\t\t\t\t<section class=\"elementor-section elementor-top-section elementor-element elementor-element-13055dd9 elementor-section-boxed elementor-section-height-default elementor-section-height-default\" data-id=\"13055dd9\" data-element_type=\"section\" data-e-type=\"section\">\n\t\t\t\t\t\t<div class=\"elementor-container elementor-column-gap-default\">\n\t\t\t\t\t<div class=\"elementor-column elementor-col-100 elementor-top-column elementor-element elementor-element-5486010d\" data-id=\"5486010d\" data-element_type=\"column\" data-e-type=\"column\">\n\t\t\t<div class=\"elementor-widget-wrap elementor-element-populated\">\n\t\t\t\t\t\t<div class=\"elementor-element elementor-element-68803778 elementor-widget elementor-widget-text-editor\" data-id=\"68803778\" data-element_type=\"widget\" data-e-type=\"widget\" data-widget_type=\"text-editor.default\">\n\t\t\t\t\t\t\t\t\t<p><span class=\"book-desc\">Voici un PDF interactif qui se veut un outil simple et original qui permet de noter vos r\u00eaves \u00e0 l\u2019ordinateur. Vous aurez du plaisir \u00e0 explorer le contenu de vos aventures nocturnes et \u00e0 en tirer profit. En tenant compte des multiples messages contenus dans vos r\u00eaves, ce journal \u00e9lectronique deviendra le fid\u00e8le complice non seulement de vos nuits, mais \u00e9galement de votre vie. Il poss\u00e8de un engin de recherche pour retrouver rapidement vos r\u00eaves importants. Il permet aussi de constituer votre propre dictionnaire de symboles personnels et de d\u00e9finir vos th\u00e8mes mensuels.<br \/><\/span><\/p><ul><li>Th\u00e9orie pour mieux comprendre<\/li><li>Pratique pour mieux agir<\/li><li>Tableaux pour mieux analyser<\/li><\/ul>\t\t\t\t\t\t\t\t<\/div>\n\t\t\t\t\t<\/div>\n\t\t<\/div>\n\t\t\t\t\t<\/div>\n\t\t<\/section>\n\t\t\t\t<section class=\"elementor-section elementor-top-section elementor-element elementor-element-66788a0 elementor-section-boxed elementor-section-height-default elementor-section-height-default\" data-id=\"66788a0\" data-element_type=\"section\" data-e-type=\"section\">\n\t\t\t\t\t\t<div class=\"elementor-container elementor-column-gap-default\">\n\t\t\t\t\t<div class=\"elementor-column elementor-col-100 elementor-top-column elementor-element elementor-element-582d256\" data-id=\"582d256\" data-element_type=\"column\" data-e-type=\"column\">\n\t\t\t<div class=\"elementor-widget-wrap elementor-element-populated\">\n\t\t\t\t\t\t<div class=\"elementor-element elementor-element-9432225 elementor-widget elementor-widget-thim-video\" data-id=\"9432225\" data-element_type=\"widget\" data-e-type=\"widget\" data-widget_type=\"thim-video.default\">\n\t\t\t\t<div class=\"elementor-widget-container\">\n\t\t\t\t\t<div class=\"thim-video-box\">\n\t<div class=\"video-container\">\n\t\t<div class=\"video\"><iframe id=\"thim-video\" width=\"100%\" height=\"100%\" src=\"https:\/\/player.vimeo.com\/video\/807946156?portrait=0&title=0&byline=0&badge=0\" webkitallowfullscreen mozallowfullscreen allowfullscreen style=\"border: 0px;\"><\/iframe><\/div>\t<\/div>\n<\/div>\n\t\t\t\t<\/div>\n\t\t\t\t<\/div>\n\t\t\t\t\t<\/div>\n\t\t<\/div>\n\t\t\t\t\t<\/div>\n\t\t<\/section>\n\t\t\t\t<section class=\"elementor-section elementor-top-section elementor-element elementor-element-1b4b55e elementor-section-boxed elementor-section-height-default elementor-section-height-default\" data-id=\"1b4b55e\" data-element_type=\"section\" data-e-type=\"section\">\n\t\t\t\t\t\t<div class=\"elementor-container elementor-column-gap-default\">\n\t\t\t\t\t<div class=\"elementor-column elementor-col-100 elementor-top-column elementor-element elementor-element-47e275d\" data-id=\"47e275d\" data-element_type=\"column\" data-e-type=\"column\">\n\t\t\t<div class=\"elementor-widget-wrap elementor-element-populated\">\n\t\t\t\t\t\t<div class=\"elementor-element elementor-element-df61ff7 elementor-widget-divider--view-line elementor-widget elementor-widget-divider\" data-id=\"df61ff7\" data-element_type=\"widget\" data-e-type=\"widget\" data-widget_type=\"divider.default\">\n\t\t\t\t\t\t\t<div class=\"elementor-divider\">\n\t\t\t<span class=\"elementor-divider-separator\">\n\t\t\t\t\t\t<\/span>\n\t\t<\/div>\n\t\t\t\t\t\t<\/div>\n\t\t\t\t\t<\/div>\n\t\t<\/div>\n\t\t\t\t\t<\/div>\n\t\t<\/section>\n\t\t\t\t<\/div>\n\t\t","protected":false},"excerpt":{"rendered":"<div style=\"line-height: 1.5em;\">Journal \u00e9lectronique de r\u00eaves &#8211; PDF interactif &#8211; pour \u00e9crire vos r\u00eaves et maintenir votre journal sur votre ordinateur. Vous vous familiariserez avec la m\u00e9thode du r\u00eaveur actif. Vous y trouverez des trucs pratiques pour d\u00e9velopper la m\u00e9moire de vos r\u00eaves. Vous trouverez aussi des listes d&rsquo;\u00e9l\u00e9ments de r\u00e9f\u00e9rence donc les 5 cat\u00e9gories de r\u00eave et les 15 principes du r\u00eave pour vous aider dans l&rsquo;analyse de vos r\u00eaves.<\/div>\n<div style=\"line-height: 1.3em; margin-top: 25px;\">Un outil indispensable pour tout r\u00eaveur actif ou en voie de le devenir.<\/div>\n","protected":false},"featured_media":27437,"template":"","meta":{"_monsterinsights_skip_tracking":false,"_monsterinsights_sitenote_active":false,"_monsterinsights_sitenote_note":"","_monsterinsights_sitenote_category":0},"product_brand":[],"product_cat":[153,138],"product_tag":[],"class_list":{"0":"post-15230","1":"product","2":"type-product","3":"status-publish","4":"has-post-thumbnail","6":"product_cat-livres-numeriques","7":"product_cat-plaisirs","9":"first","10":"instock","11":"downloadable","12":"taxable","13":"shipping-taxable","14":"purchasable","15":"product-type-simple"},"_links":{"self":[{"href":"https:\/\/artderever.com\/test_adr\/wp-json\/wp\/v2\/product\/15230","targetHints":{"allow":["GET"]}}],"collection":[{"href":"https:\/\/artderever.com\/test_adr\/wp-json\/wp\/v2\/product"}],"about":[{"href":"https:\/\/artderever.com\/test_adr\/wp-json\/wp\/v2\/types\/product"}],"version-history":[{"count":1,"href":"https:\/\/artderever.com\/test_adr\/wp-json\/wp\/v2\/product\/15230\/revisions"}],"predecessor-version":[{"id":29055,"href":"https:\/\/artderever.com\/test_adr\/wp-json\/wp\/v2\/product\/15230\/revisions\/29055"}],"wp:featuredmedia":[{"embeddable":true,"href":"https:\/\/artderever.com\/test_adr\/wp-json\/wp\/v2\/media\/27437"}],"wp:attachment":[{"href":"https:\/\/artderever.com\/test_adr\/wp-json\/wp\/v2\/media?parent=15230"}],"wp:term":[{"taxonomy":"product_brand","embeddable":true,"href":"https:\/\/artderever.com\/test_adr\/wp-json\/wp\/v2\/product_brand?post=15230"},{"taxonomy":"product_cat","embeddable":true,"href":"https:\/\/artderever.com\/test_adr\/wp-json\/wp\/v2\/product_cat?post=15230"},{"taxonomy":"product_tag","embeddable":true,"href":"https:\/\/artderever.com\/test_adr\/wp-json\/wp\/v2\/product_tag?post=15230"}],"curies":[{"name":"wp","href":"https:\/\/api.w.org\/{rel}","templated":true}]}}