{"id":91,"date":"2023-03-30T03:26:46","date_gmt":"2023-03-30T07:26:46","guid":{"rendered":"http:\/\/demo.thimpress.com\/eduma\/?page_id=91"},"modified":"2023-07-06T18:27:28","modified_gmt":"2023-07-06T22:27:28","slug":"faqs","status":"publish","type":"page","link":"https:\/\/artderever.com\/test_adr\/faqs\/","title":{"rendered":"Foire Aux Questions"},"content":{"rendered":"\t\t<div data-elementor-type=\"wp-page\" data-elementor-id=\"91\" class=\"elementor elementor-91\">\n\t\t\t\t\t\t<section class=\"elementor-section elementor-top-section elementor-element elementor-element-80adcd5 elementor-section-stretched elementor-section-boxed elementor-section-height-default elementor-section-height-default\" data-id=\"80adcd5\" data-element_type=\"section\" data-e-type=\"section\" data-settings=\"{&quot;stretch_section&quot;:&quot;section-stretched&quot;}\">\n\t\t\t\t\t\t<div class=\"elementor-container elementor-column-gap-custom\">\n\t\t\t\t\t<div class=\"elementor-column elementor-col-50 elementor-top-column elementor-element elementor-element-38830fa\" data-id=\"38830fa\" data-element_type=\"column\" data-e-type=\"column\">\n\t\t\t<div class=\"elementor-widget-wrap elementor-element-populated\">\n\t\t\t\t\t\t<div class=\"elementor-element elementor-element-04a496f elementor-widget elementor-widget-thim-accordion\" data-id=\"04a496f\" data-element_type=\"widget\" data-e-type=\"widget\" data-widget_type=\"thim-accordion.default\">\n\t\t\t\t<div class=\"elementor-widget-container\">\n\t\t\t\t\t<div class=\"thim-widget-accordion\"><h3 class=\"widget-title\">Achats & Remboursements<\/h3><div id=\"accordion_04a496f\" class=\"panel-group\" role=\"tablist\" aria-multiselectable=\"true\">\n\t\t\t<div class=\"panel panel-default\">\n\t\t\t\t<div class=\"panel-heading\" role=\"tab\"\n\t\t\t\t\tid=\"heading_accordion_04a496f_0\">\n\t\t\t\t\t<h4 class=\"panel-title\">\n\t\t\t\t\t\t<a role=\"button\" class=\"collapsed\" data-toggle=\"collapse\"\n\t\t\t\t\t\t\tdata-parent=\"#accordion_04a496f\"\n\t\t\t\t\t\t\thref=\"#collapse_accordion_04a496f_0\" aria-expanded=\"false\"\n\t\t\t\t\t\t\taria-controls=\"collapse_accordion_04a496f_0\">\n\t\t\t\t\t\t\tInscription\t\t\t\t\t\t<\/a>\n\t\t\t\t\t<\/h4>\n\t\t\t\t<\/div>\n\t\t\t\t<div id=\"collapse_accordion_04a496f_0\"\n\t\t\t\t\tclass=\"panel-collapse collapse\"\n\t\t\t\t\trole=\"tabpanel\" aria-labelledby=\"heading_accordion_04a496f_0\">\n\t\t\t\t\t<div class=\"panel-body\">\n\t\t\t\t\t\t<p class=\"fantome\" style=\"line-height: 1.03em;\">Il est n\u00e9cessaire d\u2019ouvrir un compte sur le site d\u2019Art de r\u00eaver pour faciliter l\u2019acc\u00e8s aux formations et \u00e0 l\u2019achat de livres num\u00e9riques. Une fois l\u2019ouverture de votre compte vous pourrez effectuer vos achats en toute qui\u00e9tude. Il est important de noter qu\u2019aucun num\u00e9ro de carte de cr\u00e9dits est enregistr\u00e9 sur ce site.<\/p>\n\t\t\t\t\t<\/div>\n\t\t\t\t<\/div>\n\t\t\t<\/div>\n\n\t\t\t\n\t\t\t<div class=\"panel panel-default\">\n\t\t\t\t<div class=\"panel-heading\" role=\"tab\"\n\t\t\t\t\tid=\"heading_accordion_04a496f_1\">\n\t\t\t\t\t<h4 class=\"panel-title\">\n\t\t\t\t\t\t<a role=\"button\" class=\"collapsed\" data-toggle=\"collapse\"\n\t\t\t\t\t\t\tdata-parent=\"#accordion_04a496f\"\n\t\t\t\t\t\t\thref=\"#collapse_accordion_04a496f_1\" aria-expanded=\"false\"\n\t\t\t\t\t\t\taria-controls=\"collapse_accordion_04a496f_1\">\n\t\t\t\t\t\t\tModes de paiement\t\t\t\t\t\t<\/a>\n\t\t\t\t\t<\/h4>\n\t\t\t\t<\/div>\n\t\t\t\t<div id=\"collapse_accordion_04a496f_1\"\n\t\t\t\t\tclass=\"panel-collapse collapse\"\n\t\t\t\t\trole=\"tabpanel\" aria-labelledby=\"heading_accordion_04a496f_1\">\n\t\t\t\t\t<div class=\"panel-body\">\n\t\t\t\t\t\t<p class=\"fantome\" style=\"line-height: 1.03em;\">Votre paiement est effectu\u00e9 avec l'aide de la passerelle de paiement PayPal en toute s\u00e9curit\u00e9. Il n'est pas n\u00e9cessaire que vous ayez un compte PayPal pour payer par carte de cr\u00e9dit. Vous n'avez qu'\u00e0 choisir l'option payer par carte de cr\u00e9dit ou de d\u00e9bit une fois sur la passerelle de paiement PayPal. . Un courriel de confirmation vous sera envoy\u00e9 une fois la transaction termin\u00e9e. <\/p>\n\t\t\t\t\t<\/div>\n\t\t\t\t<\/div>\n\t\t\t<\/div>\n\n\t\t\t\n\t\t\t<div class=\"panel panel-default\">\n\t\t\t\t<div class=\"panel-heading\" role=\"tab\"\n\t\t\t\t\tid=\"heading_accordion_04a496f_2\">\n\t\t\t\t\t<h4 class=\"panel-title\">\n\t\t\t\t\t\t<a role=\"button\" class=\"collapsed\" data-toggle=\"collapse\"\n\t\t\t\t\t\t\tdata-parent=\"#accordion_04a496f\"\n\t\t\t\t\t\t\thref=\"#collapse_accordion_04a496f_2\" aria-expanded=\"false\"\n\t\t\t\t\t\t\taria-controls=\"collapse_accordion_04a496f_2\">\n\t\t\t\t\t\t\tDur\u00e9e \u00e0 l&#039;acc\u00e8s \u00e0 la formation ?\t\t\t\t\t\t<\/a>\n\t\t\t\t\t<\/h4>\n\t\t\t\t<\/div>\n\t\t\t\t<div id=\"collapse_accordion_04a496f_2\"\n\t\t\t\t\tclass=\"panel-collapse collapse\"\n\t\t\t\t\trole=\"tabpanel\" aria-labelledby=\"heading_accordion_04a496f_2\">\n\t\t\t\t\t<div class=\"panel-body\">\n\t\t\t\t\t\t<p class=\"fantome\" style=\"line-height: 1.03em;\">La dur\u00e9e \u00e0 la formation est d'une dur\u00e9e d'un an (365 jours) \u00e0 partir de la date d'achat. Au terme de la dur\u00e9e de la formation, vous aurez la possibilit\u00e9 de vous r\u00e9inscrire pour une autre ann\u00e9e, moyennant les frais en vigueur. <\/p>\n\t\t\t\t\t<\/div>\n\t\t\t\t<\/div>\n\t\t\t<\/div>\n\n\t\t\t\n\t\t\t<div class=\"panel panel-default\">\n\t\t\t\t<div class=\"panel-heading\" role=\"tab\"\n\t\t\t\t\tid=\"heading_accordion_04a496f_3\">\n\t\t\t\t\t<h4 class=\"panel-title\">\n\t\t\t\t\t\t<a role=\"button\" class=\"collapsed\" data-toggle=\"collapse\"\n\t\t\t\t\t\t\tdata-parent=\"#accordion_04a496f\"\n\t\t\t\t\t\t\thref=\"#collapse_accordion_04a496f_3\" aria-expanded=\"false\"\n\t\t\t\t\t\t\taria-controls=\"collapse_accordion_04a496f_3\">\n\t\t\t\t\t\t\tPolitique de remboursement\t\t\t\t\t\t<\/a>\n\t\t\t\t\t<\/h4>\n\t\t\t\t<\/div>\n\t\t\t\t<div id=\"collapse_accordion_04a496f_3\"\n\t\t\t\t\tclass=\"panel-collapse collapse\"\n\t\t\t\t\trole=\"tabpanel\" aria-labelledby=\"heading_accordion_04a496f_3\">\n\t\t\t\t\t<div class=\"panel-body\">\n\t\t\t\t\t\t<p class=\"fantome\" style=\"line-height: 1.03em;\">Vu la nature des produits vendus sur ce site, aucun remboursement n'est possible. SVP, vous r\u00e9f\u00e9rez \u00e0 nos <a href=\"https:\/\/artderever.com\/test_adr\/termes-et-conditions\/\">Termes et conditions.<\/a><\/p>\n\t\t\t\t\t<\/div>\n\t\t\t\t<\/div>\n\t\t\t<\/div>\n\n\t\t\t<\/div><\/div>\t\t\t\t<\/div>\n\t\t\t\t<\/div>\n\t\t\t\t\t<\/div>\n\t\t<\/div>\n\t\t\t\t<div class=\"elementor-column elementor-col-50 elementor-top-column elementor-element elementor-element-da7c5be\" data-id=\"da7c5be\" data-element_type=\"column\" data-e-type=\"column\">\n\t\t\t<div class=\"elementor-widget-wrap elementor-element-populated\">\n\t\t\t\t\t\t<div class=\"elementor-element elementor-element-db3aa8d elementor-widget__width-initial elementor-widget elementor-widget-thim-accordion\" data-id=\"db3aa8d\" data-element_type=\"widget\" data-e-type=\"widget\" data-widget_type=\"thim-accordion.default\">\n\t\t\t\t<div class=\"elementor-widget-container\">\n\t\t\t\t\t<div class=\"thim-widget-accordion\"><h3 class=\"widget-title\">Achats de livre num\u00e9rique (ePub)<\/h3><div id=\"accordion_db3aa8d\" class=\"panel-group\" role=\"tablist\" aria-multiselectable=\"true\">\n\t\t\t<div class=\"panel panel-default\">\n\t\t\t\t<div class=\"panel-heading\" role=\"tab\"\n\t\t\t\t\tid=\"heading_accordion_db3aa8d_0\">\n\t\t\t\t\t<h4 class=\"panel-title\">\n\t\t\t\t\t\t<a role=\"button\" class=\"collapsed\" data-toggle=\"collapse\"\n\t\t\t\t\t\t\tdata-parent=\"#accordion_db3aa8d\"\n\t\t\t\t\t\t\thref=\"#collapse_accordion_db3aa8d_0\" aria-expanded=\"false\"\n\t\t\t\t\t\t\taria-controls=\"collapse_accordion_db3aa8d_0\">\n\t\t\t\t\t\t\tT\u00e9l\u00e9chargement\t\t\t\t\t\t<\/a>\n\t\t\t\t\t<\/h4>\n\t\t\t\t<\/div>\n\t\t\t\t<div id=\"collapse_accordion_db3aa8d_0\"\n\t\t\t\t\tclass=\"panel-collapse collapse\"\n\t\t\t\t\trole=\"tabpanel\" aria-labelledby=\"heading_accordion_db3aa8d_0\">\n\t\t\t\t\t<div class=\"panel-body\">\n\t\t\t\t\t\t<p class=\"fantome\" style=\"line-height: 1.03em;\">Une fois la commande compl\u00e9t\u00e9e sur PayPal, vous cliquez sur Retour au site du marchand. Un r\u00e9sum\u00e9 de votre achat vous sera pr\u00e9sent\u00e9 avec le lien pour faire le t\u00e9l\u00e9versement. Il peut arriver que le lien ne soit pas visible sur cette page selon l\u2019\u00e9tat de traitement appliqu\u00e9 par PayPal. Un email vous est envoy\u00e9 avec la confirmation de votre commande avec le lien de t\u00e9l\u00e9chargement vous n\u2019aurez qu\u2019\u00e0 cliquer sur le lien.<\/p>\n\t\t\t\t\t<\/div>\n\t\t\t\t<\/div>\n\t\t\t<\/div>\n\n\t\t\t\n\t\t\t<div class=\"panel panel-default\">\n\t\t\t\t<div class=\"panel-heading\" role=\"tab\"\n\t\t\t\t\tid=\"heading_accordion_db3aa8d_1\">\n\t\t\t\t\t<h4 class=\"panel-title\">\n\t\t\t\t\t\t<a role=\"button\" class=\"collapsed\" data-toggle=\"collapse\"\n\t\t\t\t\t\t\tdata-parent=\"#accordion_db3aa8d\"\n\t\t\t\t\t\t\thref=\"#collapse_accordion_db3aa8d_1\" aria-expanded=\"false\"\n\t\t\t\t\t\t\taria-controls=\"collapse_accordion_db3aa8d_1\">\n\t\t\t\t\t\t\tSur quels appareils puis-je lire mes ePub\t\t\t\t\t\t<\/a>\n\t\t\t\t\t<\/h4>\n\t\t\t\t<\/div>\n\t\t\t\t<div id=\"collapse_accordion_db3aa8d_1\"\n\t\t\t\t\tclass=\"panel-collapse collapse\"\n\t\t\t\t\trole=\"tabpanel\" aria-labelledby=\"heading_accordion_db3aa8d_1\">\n\t\t\t\t\t<div class=\"panel-body\">\n\t\t\t\t\t\t\n<p class=\"fantome\" style=\"line-height: 1.03em;\">Vous pouvez les lire sur une liseuse qui accepte le format ePub, mais aussi sur un PC, un Mac, un iPhone, un iPad, une tablette ou un smartphone Android.<br \/>\n<a href=\"https:\/\/www.commentcamarche.net\/informatique\/technologies\/1773-ebook-epub-c-est-quoi-et-comment-le-lire\/\" target=\"_blank\" rel=\"noopener noreferrer\">Plus d'info<\/a><\/p>\n\t\t\t\t\t<\/div>\n\t\t\t\t<\/div>\n\t\t\t<\/div>\n\n\t\t\t\n\t\t\t<div class=\"panel panel-default\">\n\t\t\t\t<div class=\"panel-heading\" role=\"tab\"\n\t\t\t\t\tid=\"heading_accordion_db3aa8d_2\">\n\t\t\t\t\t<h4 class=\"panel-title\">\n\t\t\t\t\t\t<a role=\"button\" class=\"collapsed\" data-toggle=\"collapse\"\n\t\t\t\t\t\t\tdata-parent=\"#accordion_db3aa8d\"\n\t\t\t\t\t\t\thref=\"#collapse_accordion_db3aa8d_2\" aria-expanded=\"false\"\n\t\t\t\t\t\t\taria-controls=\"collapse_accordion_db3aa8d_2\">\n\t\t\t\t\t\t\tComment ajouter des livres sur votre iPhone et iPad\t\t\t\t\t\t<\/a>\n\t\t\t\t\t<\/h4>\n\t\t\t\t<\/div>\n\t\t\t\t<div id=\"collapse_accordion_db3aa8d_2\"\n\t\t\t\t\tclass=\"panel-collapse collapse\"\n\t\t\t\t\trole=\"tabpanel\" aria-labelledby=\"heading_accordion_db3aa8d_2\">\n\t\t\t\t\t<div class=\"panel-body\">\n\t\t\t\t\t\t<p class=\"fantome\" style=\"line-height: 1.03em;\">Vous pouvez acc\u00e9der aux livres et livres audio dans l\u2019app Livres sur d\u2019autres appareils, comme l\u2019iPad, l\u2019iPod touch et le Mac. Il est \u00e9galement possible de synchroniser votre position de lecture, vos surlignages, vos notes, les collections de votre biblioth\u00e8que, et plus encore. <a href=\"https:\/\/support.apple.com\/fr-ca\/guide\/iphone\/iphb886e1752\/ios\" target=\"_blank\" rel=\"noopener noreferrer\">Plus d'info<\/a><\/p>\n\t\t\t\t\t<\/div>\n\t\t\t\t<\/div>\n\t\t\t<\/div>\n\n\t\t\t<\/div><\/div>\t\t\t\t<\/div>\n\t\t\t\t<\/div>\n\t\t\t\t\t<\/div>\n\t\t<\/div>\n\t\t\t\t\t<\/div>\n\t\t<\/section>\n\t\t\t\t<section class=\"elementor-section elementor-top-section elementor-element elementor-element-e256de1 elementor-section-stretched elementor-section-content-middle elementor-section-boxed elementor-section-height-default elementor-section-height-default\" data-id=\"e256de1\" data-element_type=\"section\" data-e-type=\"section\" data-settings=\"{&quot;stretch_section&quot;:&quot;section-stretched&quot;,&quot;background_background&quot;:&quot;classic&quot;}\">\n\t\t\t\t\t\t\t<div class=\"elementor-background-overlay\"><\/div>\n\t\t\t\t\t\t\t<div class=\"elementor-container elementor-column-gap-default\">\n\t\t\t\t\t<div class=\"elementor-column elementor-col-50 elementor-top-column elementor-element elementor-element-5b388b2\" data-id=\"5b388b2\" data-element_type=\"column\" data-e-type=\"column\">\n\t\t\t<div class=\"elementor-widget-wrap elementor-element-populated\">\n\t\t\t\t\t\t<div class=\"elementor-element elementor-element-b689269 elementor-widget thim-ekits-heading elementor-widget-thim-heading\" data-id=\"b689269\" data-element_type=\"widget\" data-e-type=\"widget\" data-widget_type=\"thim-heading.default\">\n\t\t\t\t<div class=\"elementor-widget-container\">\n\t\t\t\t\t<div class=\"sc_heading\"><h2 class=\"title\">Besoin d'information additionnelle <\/h2><\/div>\t\t\t\t<\/div>\n\t\t\t\t<\/div>\n\t\t\t\t\t<\/div>\n\t\t<\/div>\n\t\t\t\t<div class=\"elementor-column elementor-col-50 elementor-top-column elementor-element elementor-element-9a023de\" data-id=\"9a023de\" data-element_type=\"column\" data-e-type=\"column\">\n\t\t\t<div class=\"elementor-widget-wrap elementor-element-populated\">\n\t\t\t\t\t\t<div class=\"elementor-element elementor-element-74ee2a8 elementor-widget thim-widget-button\" data-id=\"74ee2a8\" data-element_type=\"widget\" data-e-type=\"widget\" data-widget_type=\"thim-button.default\">\n\t\t\t\t<div class=\"elementor-widget-container\">\n\t\t\t\t\t<a class=\"widget-button normal\" href=\"#\">envoyer nous un message<\/a>\t\t\t\t<\/div>\n\t\t\t\t<\/div>\n\t\t\t\t\t<\/div>\n\t\t<\/div>\n\t\t\t\t\t<\/div>\n\t\t<\/section>\n\t\t\t\t<section class=\"elementor-section elementor-top-section elementor-element elementor-element-d8653e5 elementor-section-stretched elementor-section-boxed elementor-section-height-default elementor-section-height-default\" data-id=\"d8653e5\" data-element_type=\"section\" data-e-type=\"section\" data-settings=\"{&quot;stretch_section&quot;:&quot;section-stretched&quot;}\">\n\t\t\t\t\t\t<div class=\"elementor-container elementor-column-gap-default\">\n\t\t\t\t\t<div class=\"elementor-column elementor-col-50 elementor-top-column elementor-element elementor-element-9a238d9 faq_step\" data-id=\"9a238d9\" data-element_type=\"column\" data-e-type=\"column\" data-settings=\"{&quot;background_background&quot;:&quot;classic&quot;}\">\n\t\t\t<div class=\"elementor-widget-wrap elementor-element-populated\">\n\t\t\t\t\t\t<div class=\"elementor-element elementor-element-f23e529 elementor-widget elementor-widget-image\" data-id=\"f23e529\" data-element_type=\"widget\" data-e-type=\"widget\" data-widget_type=\"image.default\">\n\t\t\t\t\t\t\t\t\t\t\t\t\t\t\t<img fetchpriority=\"high\" decoding=\"async\" width=\"640\" height=\"427\" src=\"https:\/\/artderever.com\/test_adr\/wp-content\/uploads\/2023\/03\/laptop-gfa8668204_1920-1024x683.jpg\" class=\"attachment-large size-large wp-image-18811\" alt=\"\" srcset=\"https:\/\/artderever.com\/test_adr\/wp-content\/uploads\/2023\/03\/laptop-gfa8668204_1920-1024x683.jpg 1024w, https:\/\/artderever.com\/test_adr\/wp-content\/uploads\/2023\/03\/laptop-gfa8668204_1920-600x400.jpg 600w, https:\/\/artderever.com\/test_adr\/wp-content\/uploads\/2023\/03\/laptop-gfa8668204_1920-300x200.jpg 300w, https:\/\/artderever.com\/test_adr\/wp-content\/uploads\/2023\/03\/laptop-gfa8668204_1920-768x512.jpg 768w, https:\/\/artderever.com\/test_adr\/wp-content\/uploads\/2023\/03\/laptop-gfa8668204_1920-1536x1024.jpg 1536w, https:\/\/artderever.com\/test_adr\/wp-content\/uploads\/2023\/03\/laptop-gfa8668204_1920.jpg 1920w\" sizes=\"(max-width: 640px) 100vw, 640px\" \/>\t\t\t\t\t\t\t\t\t\t\t\t\t\t\t<\/div>\n\t\t\t\t\t<\/div>\n\t\t<\/div>\n\t\t\t\t<div class=\"elementor-column elementor-col-50 elementor-top-column elementor-element elementor-element-fee6ed3\" data-id=\"fee6ed3\" data-element_type=\"column\" data-e-type=\"column\" data-settings=\"{&quot;background_background&quot;:&quot;classic&quot;}\">\n\t\t\t<div class=\"elementor-widget-wrap elementor-element-populated\">\n\t\t\t\t\t\t<div class=\"elementor-element elementor-element-c0946bf elementor-widget thim-ekits-heading elementor-widget-thim-heading\" data-id=\"c0946bf\" data-element_type=\"widget\" data-e-type=\"widget\" data-widget_type=\"thim-heading.default\">\n\t\t\t\t<div class=\"elementor-widget-container\">\n\t\t\t\t\t<div class=\"sc_heading\"><h3 class=\"title\">Nous envoyer une demande d'information <\/h3><\/div>\t\t\t\t<\/div>\n\t\t\t\t<\/div>\n\t\t\t\t<div class=\"elementor-element elementor-element-825397a faqs-ct7 elementor-widget elementor-widget-thim-ekits-contact-form-7\" data-id=\"825397a\" data-element_type=\"widget\" data-e-type=\"widget\" data-widget_type=\"thim-ekits-contact-form-7.default\">\n\t\t\t\t<div class=\"elementor-widget-container\">\n\t\t\t\t\t\t\t\t<div class=\"thim-ekit-wpcf7\">\n\t\t\t\t\n<div class=\"wpcf7 no-js\" id=\"wpcf7-f11-o1\" lang=\"fr-FR\" dir=\"ltr\" data-wpcf7-id=\"11\">\n<div class=\"screen-reader-response\"><p role=\"status\" aria-live=\"polite\" aria-atomic=\"true\"><\/p> <ul><\/ul><\/div>\n<form action=\"\/test_adr\/wp-json\/wp\/v2\/pages\/91#wpcf7-f11-o1\" method=\"post\" class=\"wpcf7-form init\" aria-label=\"Formulaire de contact\" novalidate=\"novalidate\" data-status=\"init\">\n<fieldset class=\"hidden-fields-container\"><input type=\"hidden\" name=\"_wpcf7\" value=\"11\" \/><input type=\"hidden\" name=\"_wpcf7_version\" value=\"6.1.5\" \/><input type=\"hidden\" name=\"_wpcf7_locale\" value=\"fr_FR\" \/><input type=\"hidden\" name=\"_wpcf7_unit_tag\" value=\"wpcf7-f11-o1\" \/><input type=\"hidden\" name=\"_wpcf7_container_post\" value=\"0\" \/><input type=\"hidden\" name=\"_wpcf7_posted_data_hash\" value=\"\" \/><input type=\"hidden\" name=\"_wpcf7_recaptcha_response\" value=\"\" \/>\n<\/fieldset>\n<p><label> Votre nom<br \/>\n<span class=\"wpcf7-form-control-wrap\" data-name=\"your-name\"><input size=\"40\" maxlength=\"400\" class=\"wpcf7-form-control wpcf7-text wpcf7-validates-as-required\" autocomplete=\"name\" aria-required=\"true\" aria-invalid=\"false\" value=\"\" type=\"text\" name=\"your-name\" \/><\/span> <\/label>\n<\/p>\n<p><label> Votre e-mail<br \/>\n<span class=\"wpcf7-form-control-wrap\" data-name=\"your-email\"><input size=\"40\" maxlength=\"400\" class=\"wpcf7-form-control wpcf7-email wpcf7-validates-as-required wpcf7-text wpcf7-validates-as-email\" autocomplete=\"email\" aria-required=\"true\" aria-invalid=\"false\" value=\"\" type=\"email\" name=\"your-email\" \/><\/span> <\/label>\n<\/p>\n<p><label> Objet<br \/>\n<span class=\"wpcf7-form-control-wrap\" data-name=\"your-subject\"><input size=\"40\" maxlength=\"400\" class=\"wpcf7-form-control wpcf7-text wpcf7-validates-as-required\" aria-required=\"true\" aria-invalid=\"false\" value=\"\" type=\"text\" name=\"your-subject\" \/><\/span> <\/label>\n<\/p>\n<p><label> Votre message (facultatif)<br \/>\n<span class=\"wpcf7-form-control-wrap\" data-name=\"your-message\"><textarea cols=\"40\" rows=\"10\" maxlength=\"2000\" class=\"wpcf7-form-control wpcf7-textarea\" aria-invalid=\"false\" name=\"your-message\"><\/textarea><\/span> <\/label>\n<\/p>\n<p><input class=\"wpcf7-form-control wpcf7-submit has-spinner\" type=\"submit\" value=\"Envoyer\" \/>\n<\/p>\n<p><div class=\"cf7-cf-turnstile\" style=\"margin-top: 0px; margin-bottom: -15px;\"> <div id=\"cf-turnstile-cf7-1832428257\" class=\"cf-turnstile\" data-sitekey=\"0x4AAAAAACFecrw6krk2n7QL\" data-theme=\"light\" data-language=\"fr-fr\" data-size=\"normal\" data-retry=\"auto\" data-retry-interval=\"1000\" data-refresh-expired=\"auto\" data-refresh-timeout=\"auto\" data-action=\"contact-form-7\" data-callback=\"turnstileCF7Callback\" data-appearance=\"always\"><\/div> <script>document.addEventListener(\"DOMContentLoaded\", function() { setTimeout(function(){ var e=document.getElementById(\"cf-turnstile-cf7-1832428257\"); if(e&&!e.innerHTML.trim()){turnstile.render(e, {sitekey:\"0x4AAAAAACFecrw6krk2n7QL\"});} }, 200); });<\/script> <br class=\"cf-turnstile-br cf-turnstile-br-cf7-1832428257\"> <style>#cf-turnstile-cf7-1832428257 { margin-left: -15px; }<\/style> <script>document.addEventListener(\"DOMContentLoaded\",function(){document.querySelectorAll('.wpcf7-form').forEach(function(e){e.addEventListener('submit',function(){if(document.getElementById('cf-turnstile-cf7-1832428257')){setTimeout(function(){turnstile.reset('#cf-turnstile-cf7-1832428257');},1000)}})})});<\/script> <\/div>\n<\/p><div class=\"wpcf7-response-output\" aria-hidden=\"true\"><\/div>\n<\/form>\n<\/div>\n\t\t\t<\/div>\n\t\t\t\t\t\t<\/div>\n\t\t\t\t<\/div>\n\t\t\t\t\t<\/div>\n\t\t<\/div>\n\t\t\t\t\t<\/div>\n\t\t<\/section>\n\t\t\t\t<section class=\"elementor-section elementor-top-section elementor-element elementor-element-e06b889 elementor-section-boxed elementor-section-height-default elementor-section-height-default\" data-id=\"e06b889\" data-element_type=\"section\" data-e-type=\"section\">\n\t\t\t\t\t\t<div class=\"elementor-container elementor-column-gap-default\">\n\t\t\t\t\t<div class=\"elementor-column elementor-col-100 elementor-top-column elementor-element elementor-element-d224dce\" data-id=\"d224dce\" data-element_type=\"column\" data-e-type=\"column\">\n\t\t\t<div class=\"elementor-widget-wrap elementor-element-populated\">\n\t\t\t\t\t\t<div class=\"elementor-element elementor-element-33a677f elementor-align-left elementor-widget elementor-widget-shopengine-recently-viewed-products\" data-id=\"33a677f\" data-element_type=\"widget\" data-e-type=\"widget\" data-widget_type=\"shopengine-recently-viewed-products.default\">\n\t\t\t\t\t<div class=\"shopengine shopengine-widget\"><\/div>\t\t\t\t<\/div>\n\t\t\t\t\t<\/div>\n\t\t<\/div>\n\t\t\t\t\t<\/div>\n\t\t<\/section>\n\t\t\t\t<\/div>\n\t\t","protected":false},"excerpt":{"rendered":"<p>Achats &#038; Remboursements Inscription Il est n\u00e9cessaire d\u2019ouvrir un compte sur le site d\u2019Art de r\u00eaver pour faciliter l\u2019acc\u00e8s aux formations et \u00e0 l\u2019achat de livres num\u00e9riques. Une fois l\u2019ouverture de votre compte vous pourrez effectuer vos achats en toute &hellip; <\/p>\n","protected":false},"author":1,"featured_media":0,"parent":0,"menu_order":0,"comment_status":"closed","ping_status":"closed","template":"","meta":{"_monsterinsights_skip_tracking":false,"_monsterinsights_sitenote_active":false,"_monsterinsights_sitenote_note":"","_monsterinsights_sitenote_category":0,"footnotes":""},"class_list":["post-91","page","type-page","status-publish","hentry"],"_links":{"self":[{"href":"https:\/\/artderever.com\/test_adr\/wp-json\/wp\/v2\/pages\/91","targetHints":{"allow":["GET"]}}],"collection":[{"href":"https:\/\/artderever.com\/test_adr\/wp-json\/wp\/v2\/pages"}],"about":[{"href":"https:\/\/artderever.com\/test_adr\/wp-json\/wp\/v2\/types\/page"}],"author":[{"embeddable":true,"href":"https:\/\/artderever.com\/test_adr\/wp-json\/wp\/v2\/users\/1"}],"replies":[{"embeddable":true,"href":"https:\/\/artderever.com\/test_adr\/wp-json\/wp\/v2\/comments?post=91"}],"version-history":[{"count":0,"href":"https:\/\/artderever.com\/test_adr\/wp-json\/wp\/v2\/pages\/91\/revisions"}],"wp:attachment":[{"href":"https:\/\/artderever.com\/test_adr\/wp-json\/wp\/v2\/media?parent=91"}],"curies":[{"name":"wp","href":"https:\/\/api.w.org\/{rel}","templated":true}]}}