{"id":2958,"date":"2023-03-30T10:22:44","date_gmt":"2023-03-30T14:22:44","guid":{"rendered":"http:\/\/demo.thimpress.com\/eduma\/?page_id=2958"},"modified":"2023-05-07T18:06:12","modified_gmt":"2023-05-07T22:06:12","slug":"account","status":"publish","type":"page","link":"https:\/\/artderever.com\/test_adr\/account\/","title":{"rendered":"Account"},"content":{"rendered":"\t\t<div data-elementor-type=\"wp-page\" data-elementor-id=\"2958\" class=\"elementor elementor-2958\">\n\t\t\t\t\t\t<section class=\"elementor-section elementor-top-section elementor-element elementor-element-714adce elementor-section-boxed elementor-section-height-default elementor-section-height-default\" data-id=\"714adce\" data-element_type=\"section\" data-e-type=\"section\">\n\t\t\t\t\t\t<div class=\"elementor-container elementor-column-gap-no\">\n\t\t\t\t\t<div class=\"elementor-column elementor-col-100 elementor-top-column elementor-element elementor-element-909d07b\" data-id=\"909d07b\" data-element_type=\"column\" data-e-type=\"column\">\n\t\t\t<div class=\"elementor-widget-wrap elementor-element-populated\">\n\t\t\t\t\t\t<div class=\"elementor-element elementor-element-02d7e9c elementor-widget__width-initial elementor-widget elementor-widget-thim-login-form\" data-id=\"02d7e9c\" data-element_type=\"widget\" data-e-type=\"widget\" data-widget_type=\"thim-login-form.default\">\n\t\t\t\t<div class=\"elementor-widget-container\">\n\t\t\t\t\t\n<div id=\"thim-form-login\">\n\t<div class=\"thim-login-container\">\n\t\t<div class=\"thim-login form-submission-login\">\n\t\t\t<h2 class=\"title\">Connectez-vous \u00e0 votre compte<\/h2>\n\t\t\t<form name=\"loginform\" action=\"https:\/\/artderever.com\/test_adr\/wp-login.php\"\n\t\t\t\t\tmethod=\"post\" novalidate>\n\t\t\t\t<p class=\"login-username\">\n\t\t\t\t\t<input type=\"text\" name=\"log\" placeholder=\"Nom d&#039;utilisateur ou courriel\"\n\t\t\t\t\t\t\tclass=\"input required\" size=\"20\" aria-label=\"Nom d'utilisateur ou courriel\"\/>\n\t\t\t\t<\/p>\n\t\t\t\t<p class=\"login-password\">\n\t\t\t\t\t<input type=\"password\" name=\"pwd\" placeholder=\"Mot de passe\"\n\t\t\t\t\t\t\tclass=\"input required\" value=\"\" size=\"20\" aria-label=\"Mot de passe\"\/>\n\t\t\t\t<\/p>\n\t\t\t\t\t\t<div id=\"cf-turnstile-1135520407\"\r\n\t\tclass=\"cf-turnstile\" \t\tdata-sitekey=\"0x4AAAAAACFecrw6krk2n7QL\"\r\n\t\tdata-theme=\"light\"\r\n\t\tdata-language=\"fr-fr\"\r\n\t\tdata-size=\"normal\"\r\n\t\tdata-retry=\"auto\" data-retry-interval=\"1000\"\r\n\t\tdata-refresh-expired=\"auto\"\r\n\t\tdata-refresh-timeout=\"auto\"\r\n\t\tdata-action=\"wordpress-login\"\r\n\t\tdata-callback=\"turnstileWPCallback\"\r\n\t\t\t\tdata-appearance=\"always\"><\/div>\r\n\t\t\t<script>document.addEventListener(\"DOMContentLoaded\", function() { setTimeout(function(){ var e=document.getElementById(\"cf-turnstile-1135520407\"); if(e&&!e.innerHTML.trim()){turnstile.render(e, {sitekey:\"0x4AAAAAACFecrw6krk2n7QL\"});} }, 200); });<\/script>\r\n\t\t\t<br class=\"cf-turnstile-br cf-turnstile-br-1135520407\">\r\n\t\t\t\t<style>#cf-turnstile-1135520407 { margin-left: -15px; }<\/style>\r\n\t\t\t\t\t\t\t\t\t\t<a class=\"lost-pass-link\" href=\"https:\/\/artderever.com\/test_adr\/account\/?action=lostpassword\" title=\"Mot de passe perdu\">Mot de passe oubli\u00e9 ?<\/a>\t\t\t\t<p class=\"forgetmenot login-remember\">\n\t\t\t\t\t<label for=\"rememberMe\">\n\t\t\t\t\t\t<input name=\"rememberme\" type=\"checkbox\" id=\"rememberMe\"\n\t\t\t\t\t\t\t\tvalue=\"forever\"\/> Se souvenir de moi\t\t\t\t\t<\/label>\n\t\t\t\t<\/p>\n\t\t\t\t<p class=\"submit login-submit\">\n\t\t\t\t\t<input type=\"submit\" name=\"wp-submit\" class=\"button button-primary button-large\"\n\t\t\t\t\t\t\tvalue=\"Se connecter\"\/>\n\t\t\t\t\t<input type=\"hidden\" name=\"redirect_to\"\n\t\t\t\t\t\t\tvalue=\"https:\/\/artderever.com\/test_adr\/wp-json\/wp\/v2\/pages\/2958\"\/>\n\t\t\t\t\t<input type=\"hidden\" name=\"testcookie\" value=\"1\"\/>\n\t\t\t\t\t<input type=\"hidden\" name=\"eduma_login_user\">\n\t\t\t\t<\/p>\n\t\t\t<\/form>\n\t\t\t\t\t<\/div>\n\t<\/div>\n<\/div>\n\n\t\t\t\t<\/div>\n\t\t\t\t<\/div>\n\t\t\t\t\t<\/div>\n\t\t<\/div>\n\t\t\t\t\t<\/div>\n\t\t<\/section>\n\t\t\t\t<\/div>\n\t\t","protected":false},"excerpt":{"rendered":"<p>Vous \u00eates connect\u00e9. Vous d\u00e9connecter<\/p>\n","protected":false},"author":1,"featured_media":0,"parent":0,"menu_order":0,"comment_status":"closed","ping_status":"closed","template":"","meta":{"_monsterinsights_skip_tracking":false,"_monsterinsights_sitenote_active":false,"_monsterinsights_sitenote_note":"","_monsterinsights_sitenote_category":0,"footnotes":""},"class_list":["post-2958","page","type-page","status-publish","hentry"],"_links":{"self":[{"href":"https:\/\/artderever.com\/test_adr\/wp-json\/wp\/v2\/pages\/2958","targetHints":{"allow":["GET"]}}],"collection":[{"href":"https:\/\/artderever.com\/test_adr\/wp-json\/wp\/v2\/pages"}],"about":[{"href":"https:\/\/artderever.com\/test_adr\/wp-json\/wp\/v2\/types\/page"}],"author":[{"embeddable":true,"href":"https:\/\/artderever.com\/test_adr\/wp-json\/wp\/v2\/users\/1"}],"replies":[{"embeddable":true,"href":"https:\/\/artderever.com\/test_adr\/wp-json\/wp\/v2\/comments?post=2958"}],"version-history":[{"count":0,"href":"https:\/\/artderever.com\/test_adr\/wp-json\/wp\/v2\/pages\/2958\/revisions"}],"wp:attachment":[{"href":"https:\/\/artderever.com\/test_adr\/wp-json\/wp\/v2\/media?parent=2958"}],"curies":[{"name":"wp","href":"https:\/\/api.w.org\/{rel}","templated":true}]}}